{"id":456,"date":"2026-01-28T15:21:36","date_gmt":"2026-01-28T15:21:36","guid":{"rendered":"https:\/\/suniqon.no\/?page_id=456"},"modified":"2026-01-28T15:21:36","modified_gmt":"2026-01-28T15:21:36","slug":"sems-intelligente-reguleringssystemer","status":"publish","type":"page","link":"https:\/\/suniqon.no\/en\/sems-intelligente-reguleringssystemer\/","title":{"rendered":"SEMS - Intelligent control systems"},"content":{"rendered":"<div class=\"wpb-content-wrapper\"><div class=\"vc-row-container container\"><div id=\"overview\" data-vc-full-width=\"true\" data-vc-full-width-temp=\"true\" data-vc-full-width-init=\"false\" class=\"vc_row wpb_row vc_row-fluid vc_custom_1769420704397 vc_row-has-fill row-stretch\"><div class=\"wpb_column vc_column_container vc_col-sm-3\"><div class=\"vc_column-inner vc_custom_1498224592367\"><div class=\"wpb_wrapper\">\n\t<div class=\"wpb_text_column wpb_content_element post-formatting\" >\n\t\t<div class=\"wpb_wrapper\">\n\t\t\t<h1>SEMS - Intelligent control systems<\/h1>\n<p><a href=\"#omsuniqon\">About Suniqon<\/a><\/p>\n<p><a href=\"#mediahenvendelser\">Media enquiries<\/a><\/p>\n<p><a href=\"#fagligebidrag\">Expert contributions<\/a><\/p>\n<p><a href=\"#pressemateriell\">Press materials<\/a><\/p>\n<p><a href=\"#retningslinjer\">Guidelines for use of content<\/a><\/p>\n\n\t\t<\/div>\n\t<\/div>\n<\/div><\/div><\/div><div class=\"wpb_column vc_column_container vc_col-sm-9 vc_col-lg-7 vc_col-md-6 vc_col-xs-12\"><div class=\"vc_column-inner vc_custom_1498220066719\"><div class=\"wpb_wrapper\">\n\t<div class=\"wpb_text_column wpb_content_element post-formatting\" >\n\t\t<div class=\"wpb_wrapper\">\n\t\t\t<p style=\"font-weight: 400;\">Intelligent energistyring for optimal energiflyt og varig l\u00f8nnsomhet, stabil drift og et forbedret innemilj\u00f8.<\/p>\n<p style=\"font-weight: 400;\">I et energimarked i rask utvikling blir styring og regulering like viktig som selve energiproduksjonen. SEMS (Smart Energy Management System) er Suniqons intelligente reguleringsplattform, levert i kombinasjon med fagkompetanse og systemr\u00e5dgivning. Plattformen gir overv\u00e5king, optimalisering og sikker drift av moderne energisystemer \u2013 og er utviklet for \u00e5 skape b\u00e5de teknisk kontroll og m\u00e5lbar \u00f8konomisk verdi.<\/p>\n<p style=\"font-weight: 400;\">SEMS gj\u00f8r det mulig \u00e5 kombinere ulike energikilder og lagringsl\u00f8sninger i \u00e9n helhetlig energiarkitektur, hvor drift, effekt og l\u00f8nnsomhet balanseres dynamisk over tid. Systemet bygges opp modul\u00e6rt og kan tilpasses b\u00e5de industrikunder, eiendommer og kritisk infrastruktur.<\/p>\n\n\t\t<\/div>\n\t<\/div>\n\n\t<div  class=\"wpb_single_image wpb_content_element vc_align_left wpb_content_element vc_custom_1768902838991\">\n\t\t\n\t\t<figure class=\"wpb_wrapper vc_figure\">\n\t\t\t<div class=\"vc_single_image-wrapper   vc_box_border_grey\"><img decoding=\"async\" class=\"vc_single_image-img\" src=\"https:\/\/suniqon.no\/wp-content\/uploads\/2026\/01\/Fredrik-Selmers-vei-2-cropped-scaled-1000x400.jpg\" width=\"1000\" height=\"400\" alt=\"Fredrik-Selmers-vei-2-cropped\" title=\"Fredrik-Selmers-vei-2-cropped\" loading=\"lazy\" \/><\/div>\n\t\t<\/figure>\n\t<\/div>\n<\/div><\/div><\/div><\/div><div class=\"vc_row-full-width vc_clearfix\"><\/div><\/div><div class=\"vc-row-container container\"><div id=\"omsuniqon\" class=\"vc_row wpb_row vc_row-fluid vc_custom_1769421938493 vc_row-o-content-middle vc_row-flex\"><div class=\"wpb_column vc_column_container vc_col-sm-3\"><div class=\"vc_column-inner\"><div class=\"wpb_wrapper\"><\/div><\/div><\/div><div class=\"wpb_column vc_column_container vc_col-sm-6\"><div class=\"vc_column-inner\"><div class=\"wpb_wrapper\">\n\t<div class=\"wpb_text_column wpb_content_element post-formatting\" >\n\t\t<div class=\"wpb_wrapper\">\n\t\t\t<h2>Energistyring som skaper verdi<u><\/u><u><\/u><\/h2>\n<p style=\"font-weight: 400;\">SEMS er utviklet for \u00e5 sikre at energisystemer leverer mer enn kapasitet \u2013 de skal levere l\u00f8nnsomhet, fleksibilitet og driftssikkerhet. Plattformen implementeres alltid sammen med Suniqons kompetanse innen prosjektering, idriftsettelse og kontinuerlig optimalisering. Vi leverer ikke bare et digitalt verkt\u00f8y, men et fagmilj\u00f8 som f\u00f8lger systemet gjennom hele levetiden.<\/p>\n<p style=\"font-weight: 400;\">Systemet gir avansert styring av batterilagring (BESS), solenergi og lokal produksjon, effektstyring og peak shaving, reservekraft og beredskap, industriforbruk og lastoptimalisering, nettilknytning og fleksibilitetsmarkeder. Dette gj\u00f8r anlegget i stand til \u00e5 reagere p\u00e5 b\u00e5de tekniske begrensninger og markedsmessige muligheter.<\/p>\n\n\t\t<\/div>\n\t<\/div>\n<\/div><\/div><\/div><div class=\"wpb_column vc_column_container vc_col-sm-3\"><div class=\"vc_column-inner\"><div class=\"wpb_wrapper\"><div class=\"vc_btn3-container vc_btn3-left vc_do_btn\" ><a style=\"background-color:#046A39; color:#FFFFFF;\" class=\"vc_general vc_btn3 vc_btn3-size-lg vc_btn3-shape-square vc_btn3-style-custom vc_btn3-icon-right\" href=\"http:\/\/suniqon.no\/en\/kontakt\/\" title=\"Contact\">Contact <i class=\"vc_btn3-icon fa fa-solid fa-arrow-right-long\"><\/i><\/a><\/div><div class=\"vc_btn3-container vc_btn3-left vc_do_btn\" ><a style=\"background-color:#046A39; color:#FFFFFF;\" class=\"vc_general vc_btn3 vc_btn3-size-lg vc_btn3-shape-square vc_btn3-style-custom vc_btn3-icon-right\" href=\"http:\/\/suniqon.no\/en\/karriere\/\" title=\"Contact\">Career <i class=\"vc_btn3-icon fa fa-solid fa-arrow-right-long\"><\/i><\/a><\/div><\/div><\/div><\/div><\/div><\/div><div class=\"vc-row-container container\"><div id=\"mediahenvendelser\" class=\"vc_row wpb_row vc_row-fluid vc_custom_1769421952031 vc_row-o-content-middle vc_row-flex\"><div class=\"wpb_column vc_column_container vc_col-sm-3\"><div class=\"vc_column-inner\"><div class=\"wpb_wrapper\"><\/div><\/div><\/div><div class=\"wpb_column vc_column_container vc_col-sm-6\"><div class=\"vc_column-inner\"><div class=\"wpb_wrapper\">\n\t<div class=\"wpb_text_column wpb_content_element post-formatting\" >\n\t\t<div class=\"wpb_wrapper\">\n\t\t\t<h2>Intelligente reguleringssystemer i praksis<u><\/u><u><\/u><\/h2>\n<p style=\"font-weight: 400;\">SEMS fungerer som et digitalt kontrollrom der teknologien og menneskelig innsikt arbeider sammen. Plattformen analyserer energistr\u00f8mmer i sanntid og tilpasser driften etter pris- og markedssignaler, belastning og kundens prioriteringer. Dette gir adaptiv energistyring som reduserer kostnader og \u00f8ker utnyttelsesgraden.<\/p>\n\n\t\t<\/div>\n\t<\/div>\n<\/div><\/div><\/div><div class=\"wpb_column vc_column_container vc_col-sm-3\"><div class=\"vc_column-inner\"><div class=\"wpb_wrapper\"><\/div><\/div><\/div><\/div><\/div><div class=\"vc-row-container container\"><div id=\"fagligebidrag\" class=\"vc_row wpb_row vc_row-fluid vc_custom_1769421962651 vc_row-o-content-middle vc_row-flex\"><div class=\"wpb_column vc_column_container vc_col-sm-3\"><div class=\"vc_column-inner\"><div class=\"wpb_wrapper\"><\/div><\/div><\/div><div class=\"wpb_column vc_column_container vc_col-sm-6\"><div class=\"vc_column-inner\"><div class=\"wpb_wrapper\">\n\t<div class=\"wpb_text_column wpb_content_element post-formatting\" >\n\t\t<div class=\"wpb_wrapper\">\n\t\t\t<h2>Bygget for industri og kritisk infrastruktur<u><\/u><u><\/u><\/h2>\n<p style=\"font-weight: 400;\">SEMS er utviklet for profesjonelle akt\u00f8rer med h\u00f8ye krav til stabilitet og kontroll. Suniqon leverer SEMS som del av en helhetlig tjeneste der vi ogs\u00e5 bidrar med driftserfaring, optimaliseringsstrategier og st\u00f8tte gjennom hele levetiden. Plattformen gir transparens og beslutningsgrunnlag for b\u00e5de operat\u00f8rer, eiere og investorer.<\/p>\n\n\t\t<\/div>\n\t<\/div>\n<\/div><\/div><\/div><div class=\"wpb_column vc_column_container vc_col-sm-3\"><div class=\"vc_column-inner\"><div class=\"wpb_wrapper\"><\/div><\/div><\/div><\/div><\/div><div class=\"vc-row-container container\"><div id=\"pressemateriell\" class=\"vc_row wpb_row vc_row-fluid vc_custom_1769421974603 vc_row-o-content-middle vc_row-flex\"><div class=\"wpb_column vc_column_container vc_col-sm-3\"><div class=\"vc_column-inner\"><div class=\"wpb_wrapper\"><\/div><\/div><\/div><div class=\"wpb_column vc_column_container vc_col-sm-6\"><div class=\"vc_column-inner\"><div class=\"wpb_wrapper\">\n\t<div class=\"wpb_text_column wpb_content_element post-formatting\" >\n\t\t<div class=\"wpb_wrapper\">\n\t\t\t<h2>Integrert i Suniqons energiarkitektur<u><\/u><u><\/u><\/h2>\n<p style=\"font-weight: 400;\">SEMS er ikke et enkeltst\u00e5ende produkt, men en sentral del av Suniqons leveransemodell: Adaptive energiarkitekturer \u2013 der teknologi, \u00f8konomi og drift m\u00f8tes i ett system. SEMS gj\u00f8r energisystemet skalerbart, robust og fremtidsrettet.<\/p>\n\n\t\t<\/div>\n\t<\/div>\n<\/div><\/div><\/div><div class=\"wpb_column vc_column_container vc_col-sm-3\"><div class=\"vc_column-inner\"><div class=\"wpb_wrapper\"><\/div><\/div><\/div><\/div><\/div><div class=\"vc-row-container container\"><div class=\"vc_row wpb_row vc_row-fluid vc_custom_1769421974603 vc_row-o-content-middle vc_row-flex\"><div class=\"wpb_column vc_column_container vc_col-sm-3\"><div class=\"vc_column-inner\"><div class=\"wpb_wrapper\"><\/div><\/div><\/div><div class=\"wpb_column vc_column_container vc_col-sm-6\"><div class=\"vc_column-inner\"><div class=\"wpb_wrapper\">\n\t<div class=\"wpb_text_column wpb_content_element post-formatting\" >\n\t\t<div class=\"wpb_wrapper\">\n\t\t\t<h2>SEMS og neste generasjon inneklimasystemer<u><\/u><u><\/u><\/h2>\n<p style=\"font-weight: 400;\">I tillegg er SEMS tilpasset en ny generasjon ventilasjons- og inneklimal\u00f8sninger utviklet av Suniqon. Disse systemene er sv\u00e6rt energisparende og skaper et behagelig og stabilt innemilj\u00f8 ved \u00e5 utnytte varm luft effektivt og distribuere den sk\u00e5nsomt i gulvsonene. Resultatet er h\u00f8y komfort, lavere energikostnader og et unikt inneklima som kombinerer teknologi med menneskelig velv\u00e6re.<\/p>\n<p style=\"font-weight: 400;\">Ved \u00e5 integrere ventilasjon, varmegjenvinning og energistyring i \u00e9n samlet arkitektur kan SEMS optimalisere b\u00e5de energiforbruk og komfort i bygget. Dette gir en helhetlig l\u00f8sning der energibesparelse og opplevelse g\u00e5r h\u00e5nd i h\u00e5nd.<\/p>\n\n\t\t<\/div>\n\t<\/div>\n<\/div><\/div><\/div><div class=\"wpb_column vc_column_container vc_col-sm-3\"><div class=\"vc_column-inner\"><div class=\"wpb_wrapper\"><\/div><\/div><\/div><\/div><\/div><div class=\"vc-row-container container\"><div class=\"vc_row wpb_row vc_row-fluid vc_custom_1769421974603 vc_row-o-content-middle vc_row-flex\"><div class=\"wpb_column vc_column_container vc_col-sm-3\"><div class=\"vc_column-inner\"><div class=\"wpb_wrapper\"><\/div><\/div><\/div><div class=\"wpb_column vc_column_container vc_col-sm-6\"><div class=\"vc_column-inner\"><div class=\"wpb_wrapper\">\n\t<div class=\"wpb_text_column wpb_content_element post-formatting\" >\n\t\t<div class=\"wpb_wrapper\">\n\t\t\t<h2>Kontroll, transparens og fjernoverv\u00e5king<u><\/u><u><\/u><\/h2>\n<p style=\"font-weight: 400;\">Kundene f\u00e5r full innsikt gjennom sanntidsvisualisering, historikk og rapportering, varsling og avviksh\u00e5ndtering, fjernsupport og dokumentasjon for myndigheter og investorer. SEMS legger grunnlaget for kontinuerlig forbedring.<\/p>\n\n\t\t<\/div>\n\t<\/div>\n<\/div><\/div><\/div><div class=\"wpb_column vc_column_container vc_col-sm-3\"><div class=\"vc_column-inner\"><div class=\"wpb_wrapper\"><\/div><\/div><\/div><\/div><\/div><div class=\"vc-row-container container\"><div class=\"vc_row wpb_row vc_row-fluid vc_custom_1769421974603 vc_row-o-content-middle vc_row-flex\"><div class=\"wpb_column vc_column_container vc_col-sm-3\"><div class=\"vc_column-inner\"><div class=\"wpb_wrapper\"><\/div><\/div><\/div><div class=\"wpb_column vc_column_container vc_col-sm-6\"><div class=\"vc_column-inner\"><div class=\"wpb_wrapper\">\n\t<div class=\"wpb_text_column wpb_content_element post-formatting\" >\n\t\t<div class=\"wpb_wrapper\">\n\t\t\t<h2>Fremtidens energisystemer styres intelligent<u><\/u><u><\/u><\/h2>\n<p style=\"font-weight: 400;\">Med SEMS leverer Suniqon intelligente reguleringssystemer kombinert med ekspertise som gj\u00f8r energisystemer og bygg til strategiske ressurser: stabile, l\u00f8nnsomme og klare for fremtiden.<\/p>\n\n\t\t<\/div>\n\t<\/div>\n<\/div><\/div><\/div><div class=\"wpb_column vc_column_container vc_col-sm-3\"><div class=\"vc_column-inner\"><div class=\"wpb_wrapper\"><\/div><\/div><\/div><\/div><\/div><div class=\"vc-row-container container\"><div id=\"retningslinjer\" class=\"vc_row wpb_row vc_row-fluid vc_custom_1769422187299 vc_row-o-content-middle vc_row-flex\"><div class=\"wpb_column vc_column_container vc_col-sm-3\"><div class=\"vc_column-inner\"><div class=\"wpb_wrapper\"><\/div><\/div><\/div><div class=\"wpb_column vc_column_container vc_col-sm-6\"><div class=\"vc_column-inner\"><div class=\"wpb_wrapper\">\n\t<div class=\"wpb_text_column wpb_content_element post-formatting\" >\n\t\t<div class=\"wpb_wrapper\">\n\t\t\t<h2><a href=\"https:\/\/suniqon.no\/en\/kontakt\/\">Contact<\/a><u><\/u><u><\/u><\/h2>\n<p style=\"font-weight: 400;\">\u00d8nsker du \u00e5 vite hvordan SEMS kan integreres i din energiinfrastruktur eller bygningsdrift? Ta kontakt med Suniqon for en faglig gjennomgang og systemvurdering.<\/p>\n\n\t\t<\/div>\n\t<\/div>\n<\/div><\/div><\/div><div class=\"wpb_column vc_column_container vc_col-sm-3\"><div class=\"vc_column-inner\"><div class=\"wpb_wrapper\"><\/div><\/div><\/div><\/div><\/div>\n<\/div>","protected":false},"excerpt":{"rendered":"SEMS \u2013 intelligente reguleringssystemer Om Suniqon Mediahenvendelser Faglige bidrag Pressemateriell Retningslinjer for bruk av innhold Intelligent energistyring for optimal energiflyt og varig l\u00f8nnsomhet, stabil drift og et forbedret innemilj\u00f8. I et energimarked i rask utvikling blir styring og regulering like viktig som selve energiproduksjonen. SEMS (Smart Energy Management System) er Suniqons intelligente reguleringsplattform, levert i&hellip;","protected":false},"author":1,"featured_media":0,"parent":0,"menu_order":0,"comment_status":"closed","ping_status":"closed","template":"","meta":{"_acf_changed":false,"footnotes":""},"class_list":["post-456","page","type-page","status-publish","hentry"],"acf":[],"yoast_head":"<!-- This site is optimized with the Yoast SEO plugin v26.8 - https:\/\/yoast.com\/product\/yoast-seo-wordpress\/ -->\n<title>SEMS \u2013 intelligente reguleringssystemer - Suniqon AS<\/title>\n<meta name=\"robots\" content=\"index, follow, max-snippet:-1, max-image-preview:large, max-video-preview:-1\" \/>\n<link rel=\"canonical\" href=\"http:\/\/suniqon.no\/en\/sems-intelligente-reguleringssystemer\/\" \/>\n<meta property=\"og:locale\" content=\"en_GB\" \/>\n<meta property=\"og:type\" content=\"article\" \/>\n<meta property=\"og:title\" content=\"SEMS \u2013 intelligente reguleringssystemer - Suniqon AS\" \/>\n<meta property=\"og:url\" content=\"http:\/\/suniqon.no\/en\/sems-intelligente-reguleringssystemer\/\" \/>\n<meta property=\"og:site_name\" content=\"Suniqon AS\" \/>\n<meta name=\"twitter:card\" content=\"summary_large_image\" \/>\n<meta name=\"twitter:label1\" content=\"Estimated reading time\" \/>\n\t<meta name=\"twitter:data1\" content=\"4 minutes\" \/>\n<script type=\"application\/ld+json\" class=\"yoast-schema-graph\">{\"@context\":\"https:\/\/schema.org\",\"@graph\":[{\"@type\":\"WebPage\",\"@id\":\"http:\/\/suniqon.no\/en\/sems-intelligente-reguleringssystemer\/\",\"url\":\"http:\/\/suniqon.no\/en\/sems-intelligente-reguleringssystemer\/\",\"name\":\"SEMS \u2013 intelligente reguleringssystemer - Suniqon AS\",\"isPartOf\":{\"@id\":\"http:\/\/suniqon.no\/#website\"},\"datePublished\":\"2026-01-28T15:21:36+00:00\",\"breadcrumb\":{\"@id\":\"http:\/\/suniqon.no\/en\/sems-intelligente-reguleringssystemer\/#breadcrumb\"},\"inLanguage\":\"en-GB\",\"potentialAction\":[{\"@type\":\"ReadAction\",\"target\":[\"http:\/\/suniqon.no\/en\/sems-intelligente-reguleringssystemer\/\"]}]},{\"@type\":\"BreadcrumbList\",\"@id\":\"http:\/\/suniqon.no\/en\/sems-intelligente-reguleringssystemer\/#breadcrumb\",\"itemListElement\":[{\"@type\":\"ListItem\",\"position\":1,\"name\":\"Home\",\"item\":\"http:\/\/suniqon.no\/\"},{\"@type\":\"ListItem\",\"position\":2,\"name\":\"SEMS \u2013 intelligente reguleringssystemer\"}]},{\"@type\":\"WebSite\",\"@id\":\"http:\/\/suniqon.no\/#website\",\"url\":\"http:\/\/suniqon.no\/\",\"name\":\"Suniqon AS\",\"description\":\"Energiarkitektur med l&oslash;nnsomhet\",\"potentialAction\":[{\"@type\":\"SearchAction\",\"target\":{\"@type\":\"EntryPoint\",\"urlTemplate\":\"http:\/\/suniqon.no\/?s={search_term_string}\"},\"query-input\":{\"@type\":\"PropertyValueSpecification\",\"valueRequired\":true,\"valueName\":\"search_term_string\"}}],\"inLanguage\":\"en-GB\"}]}<\/script>\n<!-- \/ Yoast SEO plugin. -->","yoast_head_json":{"title":"SEMS \u2013 intelligente reguleringssystemer - Suniqon AS","robots":{"index":"index","follow":"follow","max-snippet":"max-snippet:-1","max-image-preview":"max-image-preview:large","max-video-preview":"max-video-preview:-1"},"canonical":"http:\/\/suniqon.no\/en\/sems-intelligente-reguleringssystemer\/","og_locale":"en_GB","og_type":"article","og_title":"SEMS \u2013 intelligente reguleringssystemer - Suniqon AS","og_url":"http:\/\/suniqon.no\/en\/sems-intelligente-reguleringssystemer\/","og_site_name":"Suniqon AS","twitter_card":"summary_large_image","twitter_misc":{"Estimated reading time":"4 minutes"},"schema":{"@context":"https:\/\/schema.org","@graph":[{"@type":"WebPage","@id":"http:\/\/suniqon.no\/en\/sems-intelligente-reguleringssystemer\/","url":"http:\/\/suniqon.no\/en\/sems-intelligente-reguleringssystemer\/","name":"SEMS \u2013 intelligente reguleringssystemer - Suniqon AS","isPartOf":{"@id":"http:\/\/suniqon.no\/#website"},"datePublished":"2026-01-28T15:21:36+00:00","breadcrumb":{"@id":"http:\/\/suniqon.no\/en\/sems-intelligente-reguleringssystemer\/#breadcrumb"},"inLanguage":"en-GB","potentialAction":[{"@type":"ReadAction","target":["http:\/\/suniqon.no\/en\/sems-intelligente-reguleringssystemer\/"]}]},{"@type":"BreadcrumbList","@id":"http:\/\/suniqon.no\/en\/sems-intelligente-reguleringssystemer\/#breadcrumb","itemListElement":[{"@type":"ListItem","position":1,"name":"Home","item":"http:\/\/suniqon.no\/"},{"@type":"ListItem","position":2,"name":"SEMS \u2013 intelligente reguleringssystemer"}]},{"@type":"WebSite","@id":"http:\/\/suniqon.no\/#website","url":"http:\/\/suniqon.no\/","name":"Suniqon AS","description":"Energiarkitektur med l&oslash;nnsomhet","potentialAction":[{"@type":"SearchAction","target":{"@type":"EntryPoint","urlTemplate":"http:\/\/suniqon.no\/?s={search_term_string}"},"query-input":{"@type":"PropertyValueSpecification","valueRequired":true,"valueName":"search_term_string"}}],"inLanguage":"en-GB"}]}},"_links":{"self":[{"href":"https:\/\/suniqon.no\/en\/wp-json\/wp\/v2\/pages\/456","targetHints":{"allow":["GET"]}}],"collection":[{"href":"https:\/\/suniqon.no\/en\/wp-json\/wp\/v2\/pages"}],"about":[{"href":"https:\/\/suniqon.no\/en\/wp-json\/wp\/v2\/types\/page"}],"author":[{"embeddable":true,"href":"https:\/\/suniqon.no\/en\/wp-json\/wp\/v2\/users\/1"}],"replies":[{"embeddable":true,"href":"https:\/\/suniqon.no\/en\/wp-json\/wp\/v2\/comments?post=456"}],"version-history":[{"count":1,"href":"https:\/\/suniqon.no\/en\/wp-json\/wp\/v2\/pages\/456\/revisions"}],"predecessor-version":[{"id":457,"href":"https:\/\/suniqon.no\/en\/wp-json\/wp\/v2\/pages\/456\/revisions\/457"}],"wp:attachment":[{"href":"https:\/\/suniqon.no\/en\/wp-json\/wp\/v2\/media?parent=456"}],"curies":[{"name":"wp","href":"https:\/\/api.w.org\/{rel}","templated":true}]}}