{"id":453,"date":"2026-01-28T15:02:06","date_gmt":"2026-01-28T15:02:06","guid":{"rendered":"https:\/\/suniqon.no\/?page_id=453"},"modified":"2026-01-28T15:11:35","modified_gmt":"2026-01-28T15:11:35","slug":"vilkar-og-betingelser","status":"publish","type":"page","link":"https:\/\/suniqon.no\/en\/vilkar-og-betingelser\/","title":{"rendered":"Terms and conditions"},"content":{"rendered":"<div class=\"wpb-content-wrapper\"><div class=\"vc-row-container container\"><div id=\"omsuniqon\" class=\"vc_row wpb_row vc_row-fluid vc_custom_1769613093285 vc_row-o-content-middle vc_row-flex\"><div class=\"wpb_column vc_column_container vc_col-sm-3\"><div class=\"vc_column-inner\"><div class=\"wpb_wrapper\">\n\t<div class=\"wpb_text_column wpb_content_element post-formatting\" >\n\t\t<div class=\"wpb_wrapper\">\n\t\t\t<h1>Juridisk informasjon: Vilk\u00e5r og betingelser<\/h1>\n\n\t\t<\/div>\n\t<\/div>\n<\/div><\/div><\/div><div class=\"wpb_column vc_column_container vc_col-sm-6\"><div class=\"vc_column-inner\"><div class=\"wpb_wrapper\">\n\t<div class=\"wpb_text_column wpb_content_element post-formatting\" >\n\t\t<div class=\"wpb_wrapper\">\n\t\t\t<p style=\"font-weight: 400;\">Dette nettstedet tilbys av Suniqon AS (\u00abSuniqon\u00bb) og er ment \u00e5 brukes kun til generelle informasjonsform\u00e5l.<\/p>\n<p style=\"font-weight: 400;\">Ved \u00e5 g\u00e5 inn p\u00e5 og bruke dette nettstedet (\u00abNettstedet\u00bb), aksepterer du \u00e5 v\u00e6re bundet av vilk\u00e5rene og betingelsene som fremg\u00e5r av denne juridiske informasjonen, samt eventuelle tilleggsvilk\u00e5r eller begrensninger som publiseres p\u00e5 Nettstedet fra tid til annen.<\/p>\n<p style=\"font-weight: 400;\">Det er ditt ansvar \u00e5 treffe n\u00f8dvendige forholdsregler for \u00e5 sikre at din bruk av Nettstedet er fri for virus, skadevare, trojanere eller andre komponenter som kan v\u00e6re skadelige for datamaskiner eller elektroniske systemer.<\/p>\n\n\t\t<\/div>\n\t<\/div>\n<\/div><\/div><\/div><div class=\"wpb_column vc_column_container vc_col-sm-3\"><div class=\"vc_column-inner\"><div class=\"wpb_wrapper\"><\/div><\/div><\/div><\/div><\/div><div class=\"vc-row-container container\"><div id=\"mediahenvendelser\" class=\"vc_row wpb_row vc_row-fluid vc_custom_1769421952031 vc_row-o-content-middle vc_row-flex\"><div class=\"wpb_column vc_column_container vc_col-sm-3\"><div class=\"vc_column-inner\"><div class=\"wpb_wrapper\"><\/div><\/div><\/div><div class=\"wpb_column vc_column_container vc_col-sm-6\"><div class=\"vc_column-inner\"><div class=\"wpb_wrapper\">\n\t<div class=\"wpb_text_column wpb_content_element post-formatting\" >\n\t\t<div class=\"wpb_wrapper\">\n\t\t\t<h2>Immaterielle rettigheter<u><\/u><u><\/u><\/h2>\n<p style=\"font-weight: 400;\">Alt innhold p\u00e5 Nettstedet, herunder tekst, grafikk, varemerker, foretaksnavn, logoer, ikoner, bilder, lyd- og videomateriale, programvare og den samlede utformingen og strukturen, tilh\u00f8rer Suniqon AS eller Suniqons lisensgivere og er beskyttet av norsk og internasjonal lovgivning om opphavsrett, varemerker og andre immaterielle rettigheter.<\/p>\n<p style=\"font-weight: 400;\">Enhver uautorisert kopiering, distribusjon, endring eller annen bruk av materialet p\u00e5 Nettstedet kan utgj\u00f8re et brudd p\u00e5 opphavsrett, varemerkerett eller annen gjeldende lovgivning.<\/p>\n<p style=\"font-weight: 400;\">Ingenting p\u00e5 Nettstedet skal tolkes som at det gis noen uttrykkelig eller underforst\u00e5tt rett eller lisens til \u00e5 bruke Suniqons eller tredjeparts immaterielle rettigheter.<\/p>\n\n\t\t<\/div>\n\t<\/div>\n<\/div><\/div><\/div><div class=\"wpb_column vc_column_container vc_col-sm-3\"><div class=\"vc_column-inner\"><div class=\"wpb_wrapper\"><\/div><\/div><\/div><\/div><\/div><div class=\"vc-row-container container\"><div id=\"fagligebidrag\" class=\"vc_row wpb_row vc_row-fluid vc_custom_1769421962651 vc_row-o-content-middle vc_row-flex\"><div class=\"wpb_column vc_column_container vc_col-sm-3\"><div class=\"vc_column-inner\"><div class=\"wpb_wrapper\"><\/div><\/div><\/div><div class=\"wpb_column vc_column_container vc_col-sm-6\"><div class=\"vc_column-inner\"><div class=\"wpb_wrapper\">\n\t<div class=\"wpb_text_column wpb_content_element post-formatting\" >\n\t\t<div class=\"wpb_wrapper\">\n\t\t\t<h2>Tillatt bruk<u><\/u><u><\/u><\/h2>\n<p style=\"font-weight: 400;\">Suniqon gir deg adgang til \u00e5 lese, vise og laste ned informasjon og materiale fra Nettstedet utelukkende til personlig og ikke-kommersiell bruk.<\/p>\n<p style=\"font-weight: 400;\">Dette inneb\u00e6rer ingen overf\u00f8ring av eiendomsrett til materialet. Materialet kan ikke endres, kopieres, reproduseres, publiseres, distribueres eller brukes i kommersiell sammenheng uten skriftlig forh\u00e5ndssamtykke fra Suniqon.<\/p>\n\n\t\t<\/div>\n\t<\/div>\n<\/div><\/div><\/div><div class=\"wpb_column vc_column_container vc_col-sm-3\"><div class=\"vc_column-inner\"><div class=\"wpb_wrapper\"><\/div><\/div><\/div><\/div><\/div><div class=\"vc-row-container container\"><div id=\"pressemateriell\" class=\"vc_row wpb_row vc_row-fluid vc_custom_1769421974603 vc_row-o-content-middle vc_row-flex\"><div class=\"wpb_column vc_column_container vc_col-sm-3\"><div class=\"vc_column-inner\"><div class=\"wpb_wrapper\"><\/div><\/div><\/div><div class=\"wpb_column vc_column_container vc_col-sm-6\"><div class=\"vc_column-inner\"><div class=\"wpb_wrapper\">\n\t<div class=\"wpb_text_column wpb_content_element post-formatting\" >\n\t\t<div class=\"wpb_wrapper\">\n\t\t\t<h2>Ansvarsfraskrivelse<\/h2>\n<p style=\"font-weight: 400;\">Suniqon tilstreber at informasjonen p\u00e5 Nettstedet er korrekt og oppdatert. Suniqon gir imidlertid ingen garantier for at innholdet er fullstendig, n\u00f8yaktig eller egnet til et bestemt form\u00e5l.<\/p>\n<p style=\"font-weight: 400;\">Verken Suniqon eller selskapets samarbeidspartnere eller tilknyttede virksomheter kan holdes ansvarlige for direkte eller indirekte tap eller skade som oppst\u00e5r som f\u00f8lge av bruk av, eller manglende tilgang til, Nettstedet, herunder feil eller utelatelser i innholdet.<\/p>\n<p style=\"font-weight: 400;\">Suniqon garanterer ikke at Nettstedet eller tilh\u00f8rende servere er fri for virus eller andre skadelige elementer.<\/p>\n<p style=\"font-weight: 400;\">Informasjonen p\u00e5 Nettstedet utgj\u00f8r ikke et tilbud om salg eller en oppfordring til kj\u00f8p av verdipapirer, produkter eller tjenester, og m\u00e5 ikke legges til grunn for investeringsbeslutninger.<\/p>\n\n\t\t<\/div>\n\t<\/div>\n<\/div><\/div><\/div><div class=\"wpb_column vc_column_container vc_col-sm-3\"><div class=\"vc_column-inner\"><div class=\"wpb_wrapper\"><\/div><\/div><\/div><\/div><\/div><div class=\"vc-row-container container\"><div class=\"vc_row wpb_row vc_row-fluid vc_custom_1769421974603 vc_row-o-content-middle vc_row-flex\"><div class=\"wpb_column vc_column_container vc_col-sm-3\"><div class=\"vc_column-inner\"><div class=\"wpb_wrapper\"><\/div><\/div><\/div><div class=\"wpb_column vc_column_container vc_col-sm-6\"><div class=\"vc_column-inner\"><div class=\"wpb_wrapper\">\n\t<div class=\"wpb_text_column wpb_content_element post-formatting\" >\n\t\t<div class=\"wpb_wrapper\">\n\t\t\t<h2>Lenker til tredjeparts nettsteder<u><\/u><u><\/u><\/h2>\n<p style=\"font-weight: 400;\">Nettstedet kan inneholde lenker til eksterne nettsteder som drives av tredjepart. Slike lenker gis kun som en service til brukeren.<\/p>\n<p style=\"font-weight: 400;\">Suniqon har ingen kontroll over innholdet p\u00e5 eksterne nettsteder og p\u00e5tar seg intet ansvar for innhold, sikkerhet eller personvernh\u00e5ndtering p\u00e5 slike nettsteder. Bruk skjer p\u00e5 eget ansvar.<\/p>\n\n\t\t<\/div>\n\t<\/div>\n<\/div><\/div><\/div><div class=\"wpb_column vc_column_container vc_col-sm-3\"><div class=\"vc_column-inner\"><div class=\"wpb_wrapper\"><\/div><\/div><\/div><\/div><\/div><div class=\"vc-row-container container\"><div class=\"vc_row wpb_row vc_row-fluid vc_custom_1769421974603 vc_row-o-content-middle vc_row-flex\"><div class=\"wpb_column vc_column_container vc_col-sm-3\"><div class=\"vc_column-inner\"><div class=\"wpb_wrapper\"><\/div><\/div><\/div><div class=\"wpb_column vc_column_container vc_col-sm-6\"><div class=\"vc_column-inner\"><div class=\"wpb_wrapper\">\n\t<div class=\"wpb_text_column wpb_content_element post-formatting\" >\n\t\t<div class=\"wpb_wrapper\">\n\t\t\t<h2>Lovvalg og verneting<u><\/u><u><\/u><\/h2>\n<p style=\"font-weight: 400;\">Denne juridiske informasjonen er underlagt og skal tolkes i samsvar med norsk rett.<\/p>\n<p style=\"font-weight: 400;\">Eventuelle tvister som oppst\u00e5r i forbindelse med bruk av Nettstedet skal behandles av norske domstoler med verneting i Norge.<\/p>\n\n\t\t<\/div>\n\t<\/div>\n<\/div><\/div><\/div><div class=\"wpb_column vc_column_container vc_col-sm-3\"><div class=\"vc_column-inner\"><div class=\"wpb_wrapper\"><\/div><\/div><\/div><\/div><\/div><div class=\"vc-row-container container\"><div id=\"retningslinjer\" class=\"vc_row wpb_row vc_row-fluid vc_custom_1769422187299 vc_row-o-content-middle vc_row-flex\"><div class=\"wpb_column vc_column_container vc_col-sm-3\"><div class=\"vc_column-inner\"><div class=\"wpb_wrapper\"><\/div><\/div><\/div><div class=\"wpb_column vc_column_container vc_col-sm-6\"><div class=\"vc_column-inner\"><div class=\"wpb_wrapper\">\n\t<div class=\"wpb_text_column wpb_content_element post-formatting\" >\n\t\t<div class=\"wpb_wrapper\">\n\t\t\t<h2>Personvern<\/h2>\n<p style=\"font-weight: 400;\">For informasjon om hvordan Suniqon behandler personopplysninger, vises det til v\u00e5r Personvernerkl\u00e6ring.<\/p>\n\n\t\t<\/div>\n\t<\/div>\n<\/div><\/div><\/div><div class=\"wpb_column vc_column_container vc_col-sm-3\"><div class=\"vc_column-inner\"><div class=\"wpb_wrapper\"><\/div><\/div><\/div><\/div><\/div>\n<\/div>","protected":false},"excerpt":{"rendered":"Juridisk informasjon: Vilk\u00e5r og betingelser Dette nettstedet tilbys av Suniqon AS (\u00abSuniqon\u00bb) og er ment \u00e5 brukes kun til generelle informasjonsform\u00e5l. Ved \u00e5 g\u00e5 inn p\u00e5 og bruke dette nettstedet (\u00abNettstedet\u00bb), aksepterer du \u00e5 v\u00e6re bundet av vilk\u00e5rene og betingelsene som fremg\u00e5r av denne juridiske informasjonen, samt eventuelle tilleggsvilk\u00e5r eller begrensninger som publiseres p\u00e5 Nettstedet&hellip;","protected":false},"author":1,"featured_media":0,"parent":0,"menu_order":0,"comment_status":"closed","ping_status":"closed","template":"","meta":{"_acf_changed":false,"footnotes":""},"class_list":["post-453","page","type-page","status-publish","hentry"],"acf":[],"yoast_head":"<!-- This site is optimized with the Yoast SEO plugin v26.8 - https:\/\/yoast.com\/product\/yoast-seo-wordpress\/ -->\n<title>Vilk\u00e5r og betingelser - Suniqon AS<\/title>\n<meta name=\"robots\" content=\"index, follow, max-snippet:-1, max-image-preview:large, max-video-preview:-1\" \/>\n<link rel=\"canonical\" href=\"https:\/\/suniqon.no\/en\/vilkar-og-betingelser\/\" \/>\n<meta property=\"og:locale\" content=\"en_GB\" \/>\n<meta property=\"og:type\" content=\"article\" \/>\n<meta property=\"og:title\" content=\"Vilk\u00e5r og betingelser - Suniqon AS\" \/>\n<meta property=\"og:url\" content=\"https:\/\/suniqon.no\/en\/vilkar-og-betingelser\/\" \/>\n<meta property=\"og:site_name\" content=\"Suniqon AS\" \/>\n<meta property=\"article:modified_time\" content=\"2026-01-28T15:11:35+00:00\" \/>\n<meta name=\"twitter:card\" content=\"summary_large_image\" \/>\n<meta name=\"twitter:label1\" content=\"Estimated reading time\" \/>\n\t<meta name=\"twitter:data1\" content=\"3 minutes\" \/>\n<script type=\"application\/ld+json\" class=\"yoast-schema-graph\">{\"@context\":\"https:\/\/schema.org\",\"@graph\":[{\"@type\":\"WebPage\",\"@id\":\"https:\/\/suniqon.no\/vilkar-og-betingelser\/\",\"url\":\"https:\/\/suniqon.no\/vilkar-og-betingelser\/\",\"name\":\"Vilk\u00e5r og betingelser - Suniqon AS\",\"isPartOf\":{\"@id\":\"http:\/\/suniqon.no\/#website\"},\"datePublished\":\"2026-01-28T15:02:06+00:00\",\"dateModified\":\"2026-01-28T15:11:35+00:00\",\"breadcrumb\":{\"@id\":\"https:\/\/suniqon.no\/vilkar-og-betingelser\/#breadcrumb\"},\"inLanguage\":\"en-GB\",\"potentialAction\":[{\"@type\":\"ReadAction\",\"target\":[\"https:\/\/suniqon.no\/vilkar-og-betingelser\/\"]}]},{\"@type\":\"BreadcrumbList\",\"@id\":\"https:\/\/suniqon.no\/vilkar-og-betingelser\/#breadcrumb\",\"itemListElement\":[{\"@type\":\"ListItem\",\"position\":1,\"name\":\"Home\",\"item\":\"http:\/\/suniqon.no\/\"},{\"@type\":\"ListItem\",\"position\":2,\"name\":\"Vilk\u00e5r og betingelser\"}]},{\"@type\":\"WebSite\",\"@id\":\"http:\/\/suniqon.no\/#website\",\"url\":\"http:\/\/suniqon.no\/\",\"name\":\"Suniqon AS\",\"description\":\"Energiarkitektur med l&oslash;nnsomhet\",\"potentialAction\":[{\"@type\":\"SearchAction\",\"target\":{\"@type\":\"EntryPoint\",\"urlTemplate\":\"http:\/\/suniqon.no\/?s={search_term_string}\"},\"query-input\":{\"@type\":\"PropertyValueSpecification\",\"valueRequired\":true,\"valueName\":\"search_term_string\"}}],\"inLanguage\":\"en-GB\"}]}<\/script>\n<!-- \/ Yoast SEO plugin. -->","yoast_head_json":{"title":"Vilk\u00e5r og betingelser - Suniqon AS","robots":{"index":"index","follow":"follow","max-snippet":"max-snippet:-1","max-image-preview":"max-image-preview:large","max-video-preview":"max-video-preview:-1"},"canonical":"https:\/\/suniqon.no\/en\/vilkar-og-betingelser\/","og_locale":"en_GB","og_type":"article","og_title":"Vilk\u00e5r og betingelser - Suniqon AS","og_url":"https:\/\/suniqon.no\/en\/vilkar-og-betingelser\/","og_site_name":"Suniqon AS","article_modified_time":"2026-01-28T15:11:35+00:00","twitter_card":"summary_large_image","twitter_misc":{"Estimated reading time":"3 minutes"},"schema":{"@context":"https:\/\/schema.org","@graph":[{"@type":"WebPage","@id":"https:\/\/suniqon.no\/vilkar-og-betingelser\/","url":"https:\/\/suniqon.no\/vilkar-og-betingelser\/","name":"Vilk\u00e5r og betingelser - Suniqon AS","isPartOf":{"@id":"http:\/\/suniqon.no\/#website"},"datePublished":"2026-01-28T15:02:06+00:00","dateModified":"2026-01-28T15:11:35+00:00","breadcrumb":{"@id":"https:\/\/suniqon.no\/vilkar-og-betingelser\/#breadcrumb"},"inLanguage":"en-GB","potentialAction":[{"@type":"ReadAction","target":["https:\/\/suniqon.no\/vilkar-og-betingelser\/"]}]},{"@type":"BreadcrumbList","@id":"https:\/\/suniqon.no\/vilkar-og-betingelser\/#breadcrumb","itemListElement":[{"@type":"ListItem","position":1,"name":"Home","item":"http:\/\/suniqon.no\/"},{"@type":"ListItem","position":2,"name":"Vilk\u00e5r og betingelser"}]},{"@type":"WebSite","@id":"http:\/\/suniqon.no\/#website","url":"http:\/\/suniqon.no\/","name":"Suniqon AS","description":"Energiarkitektur med l&oslash;nnsomhet","potentialAction":[{"@type":"SearchAction","target":{"@type":"EntryPoint","urlTemplate":"http:\/\/suniqon.no\/?s={search_term_string}"},"query-input":{"@type":"PropertyValueSpecification","valueRequired":true,"valueName":"search_term_string"}}],"inLanguage":"en-GB"}]}},"_links":{"self":[{"href":"https:\/\/suniqon.no\/en\/wp-json\/wp\/v2\/pages\/453","targetHints":{"allow":["GET"]}}],"collection":[{"href":"https:\/\/suniqon.no\/en\/wp-json\/wp\/v2\/pages"}],"about":[{"href":"https:\/\/suniqon.no\/en\/wp-json\/wp\/v2\/types\/page"}],"author":[{"embeddable":true,"href":"https:\/\/suniqon.no\/en\/wp-json\/wp\/v2\/users\/1"}],"replies":[{"embeddable":true,"href":"https:\/\/suniqon.no\/en\/wp-json\/wp\/v2\/comments?post=453"}],"version-history":[{"count":2,"href":"https:\/\/suniqon.no\/en\/wp-json\/wp\/v2\/pages\/453\/revisions"}],"predecessor-version":[{"id":455,"href":"https:\/\/suniqon.no\/en\/wp-json\/wp\/v2\/pages\/453\/revisions\/455"}],"wp:attachment":[{"href":"https:\/\/suniqon.no\/en\/wp-json\/wp\/v2\/media?parent=453"}],"curies":[{"name":"wp","href":"https:\/\/api.w.org\/{rel}","templated":true}]}}