{"id":347,"date":"2026-01-26T09:10:17","date_gmt":"2026-01-26T09:10:17","guid":{"rendered":"http:\/\/suniqon.no\/?page_id=347"},"modified":"2026-01-26T14:52:59","modified_gmt":"2026-01-26T14:52:59","slug":"om-oss","status":"publish","type":"page","link":"https:\/\/suniqon.no\/en\/om-oss\/","title":{"rendered":"About"},"content":{"rendered":"<div class=\"wpb-content-wrapper\"><div class=\"vc-row-container container\"><div id=\"overview\" data-vc-full-width=\"true\" data-vc-full-width-temp=\"true\" data-vc-full-width-init=\"false\" class=\"vc_row wpb_row vc_row-fluid vc_custom_1769420704397 vc_row-has-fill row-stretch\"><div class=\"wpb_column vc_column_container vc_col-sm-3\"><div class=\"vc_column-inner vc_custom_1498224592367\"><div class=\"wpb_wrapper\">\n\t<div class=\"wpb_text_column wpb_content_element post-formatting\" >\n\t\t<div class=\"wpb_wrapper\">\n\t\t\t<h2>About<\/h2>\n<p><a href=\"#rolle\">Our Role<\/a><\/p>\n<p><a href=\"#jobber\">How we work<\/a><\/p>\n<p><a href=\"#leverer\">What we deliver<\/a><\/p>\n<p><a href=\"#langsiktighet\">Long-term perspective and responsibility<\/a><\/p>\n<p><a href=\"#samarbeid\">Collaboration and partnership<\/a><\/p>\n<p><a href=\"#suniqonidag\">Suniqon today<\/a><\/p>\n<p><a href=\"#kontakt\">Contact<\/a><\/p>\n\n\t\t<\/div>\n\t<\/div>\n<\/div><\/div><\/div><div class=\"wpb_column vc_column_container vc_col-sm-9 vc_col-lg-7 vc_col-md-6 vc_col-xs-12\"><div class=\"vc_column-inner vc_custom_1498220066719\"><div class=\"wpb_wrapper\">\n\t<div class=\"wpb_text_column wpb_content_element post-formatting\" >\n\t\t<div class=\"wpb_wrapper\">\n\t\t\t<h1 style=\"font-weight: 400;\">Suniqon \u2013 energy architecture in practice<\/h1>\n<p style=\"font-weight: 400;\">Suniqon is a Norwegian technology company that develops and delivers comprehensive energy solutions for commercial, industrial, and real estate sectors. We operate at the intersection of technology, operations, and finance, building systems that are robust in practice\u2014not just on paper.<\/p>\n<p style=\"font-weight: 400;\">Our approach can be described as\u00a0<strong>energy architecture<\/strong>. We combine production, storage, control, and market logic into a cohesive system, tailored to each facility and each customer.<\/p>\n\n\t\t<\/div>\n\t<\/div>\n<\/div><\/div><\/div><\/div><div class=\"vc_row-full-width vc_clearfix\"><\/div><\/div><div class=\"vc-row-container container\"><div data-vc-full-width=\"true\" data-vc-full-width-temp=\"true\" data-vc-full-width-init=\"false\" class=\"vc_row wpb_row vc_row-fluid vc_custom_1769420273439 vc_row-has-fill vc_row-o-content-middle vc_row-flex row-stretch\"><div class=\"wpb_column vc_column_container vc_col-sm-3\"><div class=\"vc_column-inner vc_custom_1498224592367\"><div class=\"wpb_wrapper\"><\/div><\/div><\/div><div class=\"wpb_column vc_column_container vc_col-sm-9 vc_col-lg-7 vc_col-md-6 vc_col-xs-12\"><div class=\"vc_column-inner vc_custom_1498220066719\"><div class=\"wpb_wrapper\">\n\t<div  class=\"wpb_single_image wpb_content_element vc_align_center wpb_content_element wpb_animate_when_almost_visible wpb_right-to-left right-to-left  retina centered devices\">\n\t\t\n\t\t<figure class=\"wpb_wrapper vc_figure\">\n\t\t\t<div class=\"vc_single_image-wrapper   vc_box_border_grey\"><img decoding=\"async\" class=\"vc_single_image-img\" src=\"https:\/\/suniqon.no\/wp-content\/uploads\/2026\/01\/Mjosbrygga_2024-09-26-075356_mqar_2024-09-26-075423_oeor-1040x450.jpg\" width=\"1040\" height=\"450\" alt=\"Mjosbrygga_2024-09-26-075356_mqar_2024-09-26-075423_oeor\" title=\"Mjosbrygga_2024-09-26-075356_mqar_2024-09-26-075423_oeor\" loading=\"lazy\" \/><\/div>\n\t\t<\/figure>\n\t<\/div>\n<\/div><\/div><\/div><\/div><div class=\"vc_row-full-width vc_clearfix\"><\/div><\/div><div class=\"vc-row-container container\"><div id=\"rolle\" class=\"vc_row wpb_row vc_row-fluid vc_custom_1769420965893 vc_row-o-content-middle vc_row-flex\"><div class=\"wpb_column vc_column_container vc_col-sm-3\"><div class=\"vc_column-inner\"><div class=\"wpb_wrapper\"><\/div><\/div><\/div><div class=\"wpb_column vc_column_container vc_col-sm-6\"><div class=\"vc_column-inner\"><div class=\"wpb_wrapper\">\n\t<div class=\"wpb_text_column wpb_content_element post-formatting\" >\n\t\t<div class=\"wpb_wrapper\">\n\t\t\t<h2 style=\"font-weight: 400;\">Our role in the energy system<\/h2>\n<p style=\"font-weight: 400;\">The energy system is rapidly changing. Increased electrification, more local production, and higher demand on the power grid are creating new requirements for how energy is planned, used, and managed.<\/p>\n<p style=\"font-weight: 400;\">Suniqon provides solutions for:<\/p>\n<ul style=\"font-weight: 400;\">\n<li>Power optimization, both within the building and on the transmission grid.<\/li>\n<li>Increase self-consumption of local, renewable energy<\/li>\n<li>Enable flexibility and load management<\/li>\n<li>Facilitate profitable operations over time<\/li>\n<\/ul>\n<p style=\"font-weight: 400;\">We work closely with customers, partners, and suppliers to ensure that the solutions function within the applicable regulatory and technical frameworks.<\/p>\n\n\t\t<\/div>\n\t<\/div>\n<\/div><\/div><\/div><div class=\"wpb_column vc_column_container vc_col-sm-3\"><div class=\"vc_column-inner\"><div class=\"wpb_wrapper\"><div class=\"vc_btn3-container vc_btn3-left vc_do_btn\" ><a style=\"background-color:#046A39; color:#FFFFFF;\" class=\"vc_general vc_btn3 vc_btn3-size-lg vc_btn3-shape-square vc_btn3-style-custom vc_btn3-icon-right\" href=\"http:\/\/suniqon.no\/en\/kontakt\/\" title=\"Contact\">Contact <i class=\"vc_btn3-icon fa fa-solid fa-arrow-right-long\"><\/i><\/a><\/div><div class=\"vc_btn3-container vc_btn3-left vc_do_btn\" ><a style=\"background-color:#046A39; color:#FFFFFF;\" class=\"vc_general vc_btn3 vc_btn3-size-lg vc_btn3-shape-square vc_btn3-style-custom vc_btn3-icon-right\" href=\"http:\/\/suniqon.no\/en\/karriere\/\" title=\"Contact\">Career <i class=\"vc_btn3-icon fa fa-solid fa-arrow-right-long\"><\/i><\/a><\/div><\/div><\/div><\/div><\/div><\/div><div class=\"vc-row-container container\"><div id=\"jobber\" class=\"vc_row wpb_row vc_row-fluid vc_custom_1769420978234 vc_row-o-content-middle vc_row-flex\"><div class=\"wpb_column vc_column_container vc_col-sm-3\"><div class=\"vc_column-inner\"><div class=\"wpb_wrapper\"><\/div><\/div><\/div><div class=\"wpb_column vc_column_container vc_col-sm-6\"><div class=\"vc_column-inner\"><div class=\"wpb_wrapper\">\n\t<div class=\"wpb_text_column wpb_content_element post-formatting\" >\n\t\t<div class=\"wpb_wrapper\">\n\t\t\t<h2 style=\"font-weight: 400;\">How we work<\/h2>\n<p style=\"font-weight: 400;\">Suniqon works in a structured and long-term manner. We focus on:<\/p>\n<ul style=\"font-weight: 400;\">\n<li>Clear specifications<\/li>\n<li>Thorough project planning<\/li>\n<li>Controlled implementation<\/li>\n<li>Stable operation and follow-up<\/li>\n<\/ul>\n<p style=\"font-weight: 400;\">Our solutions are developed in close collaboration between technical expertise and commercial understanding. This ensures that the systems are both technically sound and economically sustainable.<\/p>\n\n\t\t<\/div>\n\t<\/div>\n<\/div><\/div><\/div><div class=\"wpb_column vc_column_container vc_col-sm-3\"><div class=\"vc_column-inner\"><div class=\"wpb_wrapper\"><\/div><\/div><\/div><\/div><\/div><div class=\"vc-row-container container\"><div id=\"leverer\" class=\"vc_row wpb_row vc_row-fluid vc_custom_1769420991439 vc_row-o-content-middle vc_row-flex\"><div class=\"wpb_column vc_column_container vc_col-sm-3\"><div class=\"vc_column-inner\"><div class=\"wpb_wrapper\"><\/div><\/div><\/div><div class=\"wpb_column vc_column_container vc_col-sm-6\"><div class=\"vc_column-inner\"><div class=\"wpb_wrapper\">\n\t<div class=\"wpb_text_column wpb_content_element post-formatting\" >\n\t\t<div class=\"wpb_wrapper\">\n\t\t\t<h2 style=\"font-weight: 400;\">What we deliver<\/h2>\n<p style=\"font-weight: 400;\">Suniqon develops and integrates energy systems that typically consist of:<\/p>\n<ul style=\"font-weight: 400;\">\n<li>Technical expertise<\/li>\n<li>Battery storage (BESS)<\/li>\n<li>Next-generation ventilation systems<\/li>\n<li>Hybrid energy through solar, heat, air, and liquid.<\/li>\n<li>Advanced control and management systems<\/li>\n<li>Monitoring, analysis, and optimization<\/li>\n<li>Integration with buildings, industry, and the grid<\/li>\n<\/ul>\n<p style=\"font-weight: 400;\">All deliveries are built for operation, documentation, and profitability.<\/p>\n\n\t\t<\/div>\n\t<\/div>\n<\/div><\/div><\/div><div class=\"wpb_column vc_column_container vc_col-sm-3\"><div class=\"vc_column-inner\"><div class=\"wpb_wrapper\"><\/div><\/div><\/div><\/div><\/div><div class=\"vc-row-container container\"><div id=\"langsiktighet\" class=\"vc_row wpb_row vc_row-fluid vc_custom_1769421004389 vc_row-o-content-middle vc_row-flex\"><div class=\"wpb_column vc_column_container vc_col-sm-3\"><div class=\"vc_column-inner\"><div class=\"wpb_wrapper\"><\/div><\/div><\/div><div class=\"wpb_column vc_column_container vc_col-sm-6\"><div class=\"vc_column-inner\"><div class=\"wpb_wrapper\">\n\t<div class=\"wpb_text_column wpb_content_element post-formatting\" >\n\t\t<div class=\"wpb_wrapper\">\n\t\t\t<h2 style=\"font-weight: 400;\">Long-term perspective and responsibility<\/h2>\n<p style=\"font-weight: 400;\">We build solutions designed to function over time\u2014technically, economically, and environmentally. This means we prioritize quality, documentation, and predictability at every stage.<\/p>\n<p style=\"font-weight: 400;\">Suniqon takes responsibility for the entire value chain, from concept and design to operation and further development.<\/p>\n\n\t\t<\/div>\n\t<\/div>\n<\/div><\/div><\/div><div class=\"wpb_column vc_column_container vc_col-sm-3\"><div class=\"vc_column-inner\"><div class=\"wpb_wrapper\"><\/div><\/div><\/div><\/div><\/div><div class=\"vc-row-container container\"><div id=\"samarbeid\" class=\"vc_row wpb_row vc_row-fluid vc_custom_1769421382248 vc_row-o-content-middle vc_row-flex\"><div class=\"wpb_column vc_column_container vc_col-sm-3\"><div class=\"vc_column-inner\"><div class=\"wpb_wrapper\"><\/div><\/div><\/div><div class=\"wpb_column vc_column_container vc_col-sm-6\"><div class=\"vc_column-inner\"><div class=\"wpb_wrapper\">\n\t<div class=\"wpb_text_column wpb_content_element post-formatting\" >\n\t\t<div class=\"wpb_wrapper\">\n\t\t\t<h2 style=\"font-weight: 400;\">Collaboration and partnership<\/h2>\n<p style=\"font-weight: 400;\">We collaborate with real estate developers, installers, industrial companies, technology providers, and financial partners. Our role is often to be the unifying system integrator\u2014the one who ensures that the whole system works seamlessly.<\/p>\n\n\t\t<\/div>\n\t<\/div>\n<\/div><\/div><\/div><div class=\"wpb_column vc_column_container vc_col-sm-3\"><div class=\"vc_column-inner\"><div class=\"wpb_wrapper\"><\/div><\/div><\/div><\/div><\/div><div class=\"vc-row-container container\"><div id=\"suniqonidag\" class=\"vc_row wpb_row vc_row-fluid vc_custom_1769421392661 vc_row-o-content-middle vc_row-flex\"><div class=\"wpb_column vc_column_container vc_col-sm-3\"><div class=\"vc_column-inner\"><div class=\"wpb_wrapper\"><\/div><\/div><\/div><div class=\"wpb_column vc_column_container vc_col-sm-6\"><div class=\"vc_column-inner\"><div class=\"wpb_wrapper\">\n\t<div class=\"wpb_text_column wpb_content_element post-formatting\" >\n\t\t<div class=\"wpb_wrapper\">\n\t\t\t<h2 style=\"font-weight: 400;\">Suniqon i dag \u2013 og videre<\/h2>\n<p style=\"font-weight: 400;\">Suniqon is built for continued growth. We are constantly developing new solutions and expanding our expertise in line with the evolution of the energy market.<\/p>\n<p style=\"font-weight: 400;\">Our ambition is to be a long-term and reliable partner for those seeking forward-thinking energy solutions\u2014with control, transparency, and profitability.<\/p>\n\n\t\t<\/div>\n\t<\/div>\n<\/div><\/div><\/div><div class=\"wpb_column vc_column_container vc_col-sm-3\"><div class=\"vc_column-inner\"><div class=\"wpb_wrapper\"><\/div><\/div><\/div><\/div><\/div><div class=\"vc-row-container container\"><div id=\"kontakt\" class=\"vc_row wpb_row vc_row-fluid vc_custom_1769421402322 vc_row-o-content-middle vc_row-flex\"><div class=\"wpb_column vc_column_container vc_col-sm-3\"><div class=\"vc_column-inner\"><div class=\"wpb_wrapper\"><\/div><\/div><\/div><div class=\"wpb_column vc_column_container vc_col-sm-6\"><div class=\"vc_column-inner\"><div class=\"wpb_wrapper\">\n\t<div class=\"wpb_text_column wpb_content_element post-formatting\" >\n\t\t<div class=\"wpb_wrapper\">\n\t\t\t<h2 style=\"font-weight: 400;\">Contact<\/h2>\n<p style=\"font-weight: 400;\">For mer informasjon om Suniqon og v\u00e5re l\u00f8sninger:<\/p>\n<h2 style=\"font-weight: 400;\">Contact us by filling in your questions here:<\/h2>\n\n\t\t<\/div>\n\t<\/div>\n<\/div><\/div><\/div><div class=\"wpb_column vc_column_container vc_col-sm-3\"><div class=\"vc_column-inner\"><div class=\"wpb_wrapper\"><\/div><\/div><\/div><\/div><\/div><div class=\"vc-row-container container\"><div class=\"vc_row wpb_row vc_row-fluid vc_custom_1769422242170 vc_row-o-content-middle vc_row-flex\"><div class=\"wpb_column vc_column_container vc_col-sm-3\"><div class=\"vc_column-inner\"><div class=\"wpb_wrapper\"><\/div><\/div><\/div><div class=\"wpb_column vc_column_container vc_col-sm-6\"><div class=\"vc_column-inner\"><div class=\"wpb_wrapper\"><style id=\"wpforms-css-vars-326\">\n\t\t\t\t#wpforms-326 {\n\t\t\t\t--wpforms-field-border-size: 5px;\n--wpforms-field-border-radius: px;\n--wpforms-field-border-color: #253746;\n--wpforms-field-border-color-spare: #253746;\n--wpforms-field-text-color: rgba(0, 0, 0, 0.7);\n--wpforms-label-color: #253746;\n--wpforms-label-sublabel-color: rgba(0, 0, 0, 0.55);\n--wpforms-button-background-color: #ff9c1b;\n--wpforms-container-padding: 0px;\n--wpforms-container-border-width: 1px;\n--wpforms-container-border-radius: 3px;\n--wpforms-background-color: rgba(0, 0, 0, 0);\n--wpforms-field-size-input-height: 43px;\n--wpforms-field-size-input-spacing: 15px;\n--wpforms-field-size-font-size: 16px;\n--wpforms-field-size-line-height: 19px;\n--wpforms-field-size-padding-h: 14px;\n--wpforms-field-size-checkbox-size: 16px;\n--wpforms-field-size-sublabel-spacing: 5px;\n--wpforms-field-size-icon-size: 1;\n--wpforms-label-size-font-size: 16px;\n--wpforms-label-size-line-height: 19px;\n--wpforms-label-size-sublabel-font-size: 14px;\n--wpforms-label-size-sublabel-line-height: 17px;\n--wpforms-button-size-font-size: 17px;\n--wpforms-button-size-height: 41px;\n--wpforms-button-size-padding-h: 15px;\n--wpforms-button-size-margin-top: 10px;\n--wpforms-container-shadow-size-box-shadow: none;\n\t\t\t}\n\t\t\t<\/style><div class=\"wpforms-container wpforms-container-full wpforms-render-modern\" id=\"wpforms-326\"><form id=\"wpforms-form-326\" class=\"wpforms-validate wpforms-form wpforms-ajax-form\" data-formid=\"326\" method=\"post\" enctype=\"multipart\/form-data\" action=\"\/en\/wp-json\/wp\/v2\/pages\/347\" data-token=\"b672558b213a44ca141e4b020bdc874b\" data-token-time=\"1778176512\" data-trp-original-action=\"\/en\/wp-json\/wp\/v2\/pages\/347\"><noscript class=\"wpforms-error-noscript\">Please enable JavaScript in your browser to complete this form.<\/noscript><div id=\"wpforms-error-noscript\" style=\"display: none;\">Please enable JavaScript in your browser to complete this form.<\/div><div class=\"wpforms-field-container\"><div id=\"wpforms-326-field_1-container\" class=\"wpforms-field wpforms-field-name\" data-field-id=\"1\"><label class=\"wpforms-field-label\" for=\"wpforms-326-field_1\">Name <span class=\"wpforms-required-label\" aria-hidden=\"true\">*<\/span><\/label><input type=\"text\" id=\"wpforms-326-field_1\" class=\"wpforms-field-medium wpforms-field-required\" name=\"wpforms[fields][1]\" aria-errormessage=\"wpforms-326-field_1-error\" required><\/div><div id=\"wpforms-326-field_2-container\" class=\"wpforms-field wpforms-field-email\" data-field-id=\"2\"><label class=\"wpforms-field-label\" for=\"wpforms-326-field_2\">E-mail <span class=\"wpforms-required-label\" aria-hidden=\"true\">*<\/span><\/label><input type=\"email\" id=\"wpforms-326-field_2\" class=\"wpforms-field-medium wpforms-field-required\" name=\"wpforms[fields][2]\" spellcheck=\"false\" aria-errormessage=\"wpforms-326-field_2-error\" required><\/div>\t\t<div id=\"wpforms-326-field_4-container\"\n\t\t\tclass=\"wpforms-field wpforms-field-text\"\n\t\t\tdata-field-type=\"text\"\n\t\t\tdata-field-id=\"4\"\n\t\t\t>\n\t\t\t<label class=\"wpforms-field-label\" for=\"wpforms-326-field_4\" >melding E-post Din<\/label>\n\t\t\t<input type=\"text\" id=\"wpforms-326-field_4\" class=\"wpforms-field-medium\" name=\"wpforms[fields][4]\" >\n\t\t<\/div>\n\t\t<div id=\"wpforms-326-field_3-container\" class=\"wpforms-field wpforms-field-textarea\" data-field-id=\"3\"><label class=\"wpforms-field-label\" for=\"wpforms-326-field_3\">Your message <span class=\"wpforms-required-label\" aria-hidden=\"true\">*<\/span><\/label><textarea id=\"wpforms-326-field_3\" class=\"wpforms-field-medium wpforms-field-required\" name=\"wpforms[fields][3]\" aria-errormessage=\"wpforms-326-field_3-error\" required><\/textarea><\/div><script>\n\t\t\t\t( function() {\n\t\t\t\t\tconst style = document.createElement( 'style' );\n\t\t\t\t\tstyle.appendChild( document.createTextNode( '#wpforms-326-field_4-container { position: absolute !important; overflow: hidden !important; display: inline !important; height: 1px !important; width: 1px !important; z-index: -1000 !important; padding: 0 !important; } #wpforms-326-field_4-container input { visibility: hidden; } #wpforms-conversational-form-page #wpforms-326-field_4-container label { counter-increment: none; }' ) );\n\t\t\t\t\tdocument.head.appendChild( style );\n\t\t\t\t\tdocument.currentScript?.remove();\n\t\t\t\t} )();\n\t\t\t<\/script><\/div><!-- .wpforms-field-container --><div class=\"wpforms-submit-container\" ><input type=\"hidden\" name=\"wpforms[id]\" value=\"326\"><input type=\"hidden\" name=\"page_title\" value=\"\"><input type=\"hidden\" name=\"page_url\" value=\"https:\/\/suniqon.no\/en\/wp-json\/wp\/v2\/pages\/347\"><input type=\"hidden\" name=\"url_referer\" value=\"\"><button type=\"submit\" name=\"wpforms[submit]\" id=\"wpforms-submit-326\" class=\"wpforms-submit\" data-alt-text=\"Send melding\" data-submit-text=\"Send melding\" aria-live=\"assertive\" value=\"wpforms-submit\">Send message<\/button><img loading=\"lazy\" decoding=\"async\" src=\"https:\/\/suniqon.no\/wp-content\/plugins\/wpforms-lite\/assets\/images\/submit-spin.svg\" class=\"wpforms-submit-spinner\" style=\"display: none;\" width=\"26\" height=\"26\" alt=\"Loading\"><\/div><input type=\"hidden\" name=\"trp-form-language\" value=\"en\"\/><\/form><\/div>  <!-- .wpforms-container --><\/div><\/div><\/div><div class=\"wpb_column vc_column_container vc_col-sm-3\"><div class=\"vc_column-inner\"><div class=\"wpb_wrapper\"><\/div><\/div><\/div><\/div><\/div>\n<\/div>","protected":false},"excerpt":{"rendered":"Om Oss V\u00e5r Rolle Hvordan vi jobber Hva vi leverer Langsiktighet og ansvar Samarbeid og partnerskap Suniqon i dag Kontakt Suniqon \u2013 energiarkitektur i praksis Suniqon er et norsk teknologiselskap som utvikler og leverer helhetlige energil\u00f8sninger for n\u00e6ring, industri og eiendom. Vi arbeider i skj\u00e6ringspunktet mellom teknologi, drift og \u00f8konomi, og bygger systemer som er&hellip;","protected":false},"author":1,"featured_media":0,"parent":0,"menu_order":0,"comment_status":"closed","ping_status":"closed","template":"","meta":{"_acf_changed":false,"footnotes":""},"class_list":["post-347","page","type-page","status-publish","hentry"],"acf":[],"yoast_head":"<!-- This site is optimized with the Yoast SEO plugin v26.8 - https:\/\/yoast.com\/product\/yoast-seo-wordpress\/ -->\n<title>Om oss - Suniqon AS<\/title>\n<meta name=\"robots\" content=\"index, follow, max-snippet:-1, max-image-preview:large, max-video-preview:-1\" \/>\n<link rel=\"canonical\" href=\"https:\/\/suniqon.no\/en\/om-oss\/\" \/>\n<meta property=\"og:locale\" content=\"en_GB\" \/>\n<meta property=\"og:type\" content=\"article\" \/>\n<meta property=\"og:title\" content=\"Om oss - Suniqon AS\" \/>\n<meta property=\"og:url\" content=\"https:\/\/suniqon.no\/en\/om-oss\/\" \/>\n<meta property=\"og:site_name\" content=\"Suniqon AS\" \/>\n<meta property=\"article:modified_time\" content=\"2026-01-26T14:52:59+00:00\" \/>\n<meta name=\"twitter:card\" content=\"summary_large_image\" \/>\n<meta name=\"twitter:label1\" content=\"Estimated reading time\" \/>\n\t<meta name=\"twitter:data1\" content=\"3 minutes\" \/>\n<script type=\"application\/ld+json\" class=\"yoast-schema-graph\">{\"@context\":\"https:\/\/schema.org\",\"@graph\":[{\"@type\":\"WebPage\",\"@id\":\"https:\/\/suniqon.no\/om-oss\/\",\"url\":\"https:\/\/suniqon.no\/om-oss\/\",\"name\":\"Om oss - Suniqon AS\",\"isPartOf\":{\"@id\":\"http:\/\/suniqon.no\/#website\"},\"datePublished\":\"2026-01-26T09:10:17+00:00\",\"dateModified\":\"2026-01-26T14:52:59+00:00\",\"breadcrumb\":{\"@id\":\"https:\/\/suniqon.no\/om-oss\/#breadcrumb\"},\"inLanguage\":\"en-GB\",\"potentialAction\":[{\"@type\":\"ReadAction\",\"target\":[\"https:\/\/suniqon.no\/om-oss\/\"]}]},{\"@type\":\"BreadcrumbList\",\"@id\":\"https:\/\/suniqon.no\/om-oss\/#breadcrumb\",\"itemListElement\":[{\"@type\":\"ListItem\",\"position\":1,\"name\":\"Home\",\"item\":\"http:\/\/suniqon.no\/\"},{\"@type\":\"ListItem\",\"position\":2,\"name\":\"Om oss\"}]},{\"@type\":\"WebSite\",\"@id\":\"http:\/\/suniqon.no\/#website\",\"url\":\"http:\/\/suniqon.no\/\",\"name\":\"Suniqon AS\",\"description\":\"Energiarkitektur med l&oslash;nnsomhet\",\"potentialAction\":[{\"@type\":\"SearchAction\",\"target\":{\"@type\":\"EntryPoint\",\"urlTemplate\":\"http:\/\/suniqon.no\/?s={search_term_string}\"},\"query-input\":{\"@type\":\"PropertyValueSpecification\",\"valueRequired\":true,\"valueName\":\"search_term_string\"}}],\"inLanguage\":\"en-GB\"}]}<\/script>\n<!-- \/ Yoast SEO plugin. -->","yoast_head_json":{"title":"Om oss - Suniqon AS","robots":{"index":"index","follow":"follow","max-snippet":"max-snippet:-1","max-image-preview":"max-image-preview:large","max-video-preview":"max-video-preview:-1"},"canonical":"https:\/\/suniqon.no\/en\/om-oss\/","og_locale":"en_GB","og_type":"article","og_title":"Om oss - Suniqon AS","og_url":"https:\/\/suniqon.no\/en\/om-oss\/","og_site_name":"Suniqon AS","article_modified_time":"2026-01-26T14:52:59+00:00","twitter_card":"summary_large_image","twitter_misc":{"Estimated reading time":"3 minutes"},"schema":{"@context":"https:\/\/schema.org","@graph":[{"@type":"WebPage","@id":"https:\/\/suniqon.no\/om-oss\/","url":"https:\/\/suniqon.no\/om-oss\/","name":"Om oss - Suniqon AS","isPartOf":{"@id":"http:\/\/suniqon.no\/#website"},"datePublished":"2026-01-26T09:10:17+00:00","dateModified":"2026-01-26T14:52:59+00:00","breadcrumb":{"@id":"https:\/\/suniqon.no\/om-oss\/#breadcrumb"},"inLanguage":"en-GB","potentialAction":[{"@type":"ReadAction","target":["https:\/\/suniqon.no\/om-oss\/"]}]},{"@type":"BreadcrumbList","@id":"https:\/\/suniqon.no\/om-oss\/#breadcrumb","itemListElement":[{"@type":"ListItem","position":1,"name":"Home","item":"http:\/\/suniqon.no\/"},{"@type":"ListItem","position":2,"name":"Om oss"}]},{"@type":"WebSite","@id":"http:\/\/suniqon.no\/#website","url":"http:\/\/suniqon.no\/","name":"Suniqon AS","description":"Energiarkitektur med l&oslash;nnsomhet","potentialAction":[{"@type":"SearchAction","target":{"@type":"EntryPoint","urlTemplate":"http:\/\/suniqon.no\/?s={search_term_string}"},"query-input":{"@type":"PropertyValueSpecification","valueRequired":true,"valueName":"search_term_string"}}],"inLanguage":"en-GB"}]}},"_links":{"self":[{"href":"https:\/\/suniqon.no\/en\/wp-json\/wp\/v2\/pages\/347","targetHints":{"allow":["GET"]}}],"collection":[{"href":"https:\/\/suniqon.no\/en\/wp-json\/wp\/v2\/pages"}],"about":[{"href":"https:\/\/suniqon.no\/en\/wp-json\/wp\/v2\/types\/page"}],"author":[{"embeddable":true,"href":"https:\/\/suniqon.no\/en\/wp-json\/wp\/v2\/users\/1"}],"replies":[{"embeddable":true,"href":"https:\/\/suniqon.no\/en\/wp-json\/wp\/v2\/comments?post=347"}],"version-history":[{"count":18,"href":"https:\/\/suniqon.no\/en\/wp-json\/wp\/v2\/pages\/347\/revisions"}],"predecessor-version":[{"id":384,"href":"https:\/\/suniqon.no\/en\/wp-json\/wp\/v2\/pages\/347\/revisions\/384"}],"wp:attachment":[{"href":"https:\/\/suniqon.no\/en\/wp-json\/wp\/v2\/media?parent=347"}],"curies":[{"name":"wp","href":"https:\/\/api.w.org\/{rel}","templated":true}]}}